{"id":117,"date":"2011-03-14T08:46:17","date_gmt":"2011-03-14T08:46:17","guid":{"rendered":"http:\/\/www.vergihaber.net\/?page_id=25"},"modified":"2025-03-08T12:28:31","modified_gmt":"2025-03-08T09:28:31","slug":"iletisim","status":"publish","type":"page","link":"https:\/\/www.gmymm.com\/?page_id=117","title":{"rendered":"\u0130leti\u015fim"},"content":{"rendered":"<h4 align=\"center\"><span style=\"color: #000080;\"><span style=\"color: #ff0000;\">G\u00dcNEY MARMARA YEM\u0130NL\u0130 MAL\u0130 M\u00dc\u015eAV\u0130RL\u0130K VE BA\u011eIMSIZ DENET\u0130M LTD. \u015eT\u0130.\u00a0<\/span><\/span><\/h4>\n<p><strong> Merkez Adres: <\/strong>Alt\u0131eyl\u00fcl Mahallesi, Ke\u00e7eci Sokak, K\u0131r\u0131ml\u0131 \u0130\u015f Merkezi Kat:2 Daire:8\u00a0\u00a0 Alt\u0131eyl\u00fcl \/ Bal\u0131kesir<strong><br \/>\n<\/strong><\/p>\n<p><strong>Telefon:<\/strong> 0 (266) 239 72 60<\/p>\n<p><strong>GSM: <\/strong>0 532 697 91 88<strong><br \/>\n<\/strong><\/p>\n<hr \/>\n<p><strong>\u015eube Adres: <\/strong>600 Evler Mahallesi, 1271 Sokak, Avukatlar \u0130\u015f Merkezi, Kat:4 Daire:28 Band\u0131rma\/BALIKES\u0130R<\/p>\n<p><strong>Telefon:<\/strong> 0 (266) 721 29 64<\/p>\n<p><strong style=\"color: #333399;\"><i class=\"fa fa-envelope\"> <\/i> <span style=\"color: #000000;\">Email:<\/span> <\/strong><span style=\"color: #ff0000;\">info@gmymm.com<\/span><span style=\"color: #333399;\"><strong><br \/>\n<\/strong><\/span><\/p>\n<hr \/>\n<p><strong>\u0130LET\u0130\u015e\u0130M FORMU<\/strong><\/p>\n\n<div class=\"wpcf7 no-js\" id=\"wpcf7-f6-o1\" lang=\"tr-TR\" dir=\"ltr\" data-wpcf7-id=\"6\">\n<div class=\"screen-reader-response\"><p role=\"status\" aria-live=\"polite\" aria-atomic=\"true\"><\/p> <ul><\/ul><\/div>\n<form action=\"\/index.php?rest_route=%2Fwp%2Fv2%2Fpages%2F117#wpcf7-f6-o1\" method=\"post\" class=\"wpcf7-form init\" aria-label=\"\u0130leti\u015fim Formu\" novalidate=\"novalidate\" data-status=\"init\">\n<div style=\"display: none;\">\n<input type=\"hidden\" name=\"_wpcf7\" value=\"6\" \/>\n<input type=\"hidden\" name=\"_wpcf7_version\" value=\"6.0.1\" \/>\n<input type=\"hidden\" name=\"_wpcf7_locale\" value=\"tr_TR\" \/>\n<input type=\"hidden\" name=\"_wpcf7_unit_tag\" value=\"wpcf7-f6-o1\" \/>\n<input type=\"hidden\" name=\"_wpcf7_container_post\" value=\"0\" \/>\n<input type=\"hidden\" name=\"_wpcf7_posted_data_hash\" value=\"\" \/>\n<\/div>\n<p><label> Ad\u0131n\u0131z (gerekli)<br \/>\n<span class=\"wpcf7-form-control-wrap\" data-name=\"your-name\"><input size=\"40\" maxlength=\"400\" class=\"wpcf7-form-control wpcf7-text wpcf7-validates-as-required\" aria-required=\"true\" aria-invalid=\"false\" value=\"\" type=\"text\" name=\"your-name\" \/><\/span> <\/label>\n<\/p>\n<p><label> Epostan\u0131z (gerekli)<br \/>\n<span class=\"wpcf7-form-control-wrap\" data-name=\"your-email\"><input size=\"40\" maxlength=\"400\" class=\"wpcf7-form-control wpcf7-email wpcf7-validates-as-required wpcf7-text wpcf7-validates-as-email\" aria-required=\"true\" aria-invalid=\"false\" value=\"\" type=\"email\" name=\"your-email\" \/><\/span> <\/label>\n<\/p>\n<p><label> Konu<br \/>\n<span class=\"wpcf7-form-control-wrap\" data-name=\"your-subject\"><input size=\"40\" maxlength=\"400\" class=\"wpcf7-form-control wpcf7-text\" aria-invalid=\"false\" value=\"\" type=\"text\" name=\"your-subject\" \/><\/span> <\/label>\n<\/p>\n<p><label> \u0130letiniz<br \/>\n<span class=\"wpcf7-form-control-wrap\" data-name=\"your-message\"><textarea cols=\"40\" rows=\"10\" maxlength=\"2000\" class=\"wpcf7-form-control wpcf7-textarea\" aria-invalid=\"false\" name=\"your-message\"><\/textarea><\/span> <\/label>\n<\/p>\n<p><input class=\"wpcf7-form-control wpcf7-submit has-spinner\" type=\"submit\" value=\"G\u00f6nder\" \/>\n<\/p><p style=\"display: none !important;\" class=\"akismet-fields-container\" data-prefix=\"_wpcf7_ak_\"><label>&#916;<textarea name=\"_wpcf7_ak_hp_textarea\" cols=\"45\" rows=\"8\" maxlength=\"100\"><\/textarea><\/label><input type=\"hidden\" id=\"ak_js_1\" name=\"_wpcf7_ak_js\" value=\"30\"\/><script>document.getElementById( \"ak_js_1\" ).setAttribute( \"value\", ( new Date() ).getTime() );<\/script><\/p><div class=\"wpcf7-response-output\" aria-hidden=\"true\"><\/div>\n<\/form>\n<\/div>\n\n","protected":false},"excerpt":{"rendered":"<p>G\u00dcNEY MARMARA YEM\u0130NL\u0130 MAL\u0130 M\u00dc\u015eAV\u0130RL\u0130K VE BA\u011eIMSIZ DENET\u0130M LTD. \u015eT\u0130.\u00a0 Merkez Adres: Alt\u0131eyl\u00fcl Mahallesi, Ke\u00e7eci Sokak, K\u0131r\u0131ml\u0131 \u0130\u015f Merkezi Kat:2 Daire:8\u00a0\u00a0 Alt\u0131eyl\u00fcl \/ Bal\u0131kesir Telefon: 0 (266) 239 72 60 GSM: 0 532 697 91 88 \u015eube Adres: 600 Evler Mahallesi, 1271 Sokak, Avukatlar \u0130\u015f Merkezi, Kat:4 Daire:28 Band\u0131rma\/BALIKES\u0130R Telefon: 0 (266) 721 29 64 [&hellip;]<\/p>\n","protected":false},"author":1,"featured_media":0,"parent":0,"menu_order":0,"comment_status":"closed","ping_status":"closed","template":"","meta":{"footnotes":""},"class_list":["post-117","page","type-page","status-publish","hentry"],"_links":{"self":[{"href":"https:\/\/www.gmymm.com\/index.php?rest_route=\/wp\/v2\/pages\/117","targetHints":{"allow":["GET"]}}],"collection":[{"href":"https:\/\/www.gmymm.com\/index.php?rest_route=\/wp\/v2\/pages"}],"about":[{"href":"https:\/\/www.gmymm.com\/index.php?rest_route=\/wp\/v2\/types\/page"}],"author":[{"embeddable":true,"href":"https:\/\/www.gmymm.com\/index.php?rest_route=\/wp\/v2\/users\/1"}],"replies":[{"embeddable":true,"href":"https:\/\/www.gmymm.com\/index.php?rest_route=%2Fwp%2Fv2%2Fcomments&post=117"}],"version-history":[{"count":3,"href":"https:\/\/www.gmymm.com\/index.php?rest_route=\/wp\/v2\/pages\/117\/revisions"}],"predecessor-version":[{"id":4994,"href":"https:\/\/www.gmymm.com\/index.php?rest_route=\/wp\/v2\/pages\/117\/revisions\/4994"}],"wp:attachment":[{"href":"https:\/\/www.gmymm.com\/index.php?rest_route=%2Fwp%2Fv2%2Fmedia&parent=117"}],"curies":[{"name":"wp","href":"https:\/\/api.w.org\/{rel}","templated":true}]}}