{"id":1215,"date":"2017-02-03T17:22:45","date_gmt":"2017-02-03T15:22:45","guid":{"rendered":"http:\/\/www.gmymm.com\/?page_id=1215"},"modified":"2017-03-15T11:17:49","modified_gmt":"2017-03-15T09:17:49","slug":"seckin-kilic","status":"publish","type":"page","link":"https:\/\/www.gmymm.com\/?page_id=1215","title":{"rendered":"Se\u00e7kin KILI\u00c7"},"content":{"rendered":"<div id=\"attachment_1216\" style=\"width: 160px\" class=\"wp-caption alignleft\"><img loading=\"lazy\" decoding=\"async\" aria-describedby=\"caption-attachment-1216\" class=\"wp-image-1216 size-thumbnail\" src=\"http:\/\/www.gmymm.com\/wp-content\/uploads\/2017\/02\/Seckin-kilic-ymm-150x150.jpg\" alt=\"Se\u00e7kin\" width=\"150\" height=\"150\" \/><p id=\"caption-attachment-1216\" class=\"wp-caption-text\">Se\u00e7kin KILI\u00c7<\/p><\/div>\n<p><strong>Dr. Se\u00e7kin KILI\u00c7<\/strong><br \/>\n1973 y\u0131l\u0131nda Gelibolu\u2019da do\u011fdu. 1997 y\u0131l\u0131nda Uluda\u011f \u00dcniversitesi \u0130ktisadi ve \u0130dari Bilimler Fak\u00fcltesi Maliye b\u00f6l\u00fcm\u00fcn\u00fc dereceli olarak bitirdi. Trakya \u00dcniversitesi Sosyal Bilimler Enstit\u00fcs\u00fc Maliye Anabilim dal\u0131nda Y\u00fcksek Lisans, Celal Bayar \u00dcniversitesi Sosyal Bilimler Enstit\u00fcs\u00fc Mali Hukuk Anabilim dal\u0131nda doktoras\u0131n\u0131 yapt\u0131.<br \/>\nTrakya \u00dcniversitesinde ara\u015ft\u0131rma g\u00f6revlisi olarak ba\u015flad\u0131\u011f\u0131 \u00e7al\u0131\u015fma hayat\u0131na 2003-2013 y\u0131llar\u0131 aras\u0131nda Maliye Bakanl\u0131\u011f\u0131 Vergi Denetim Kurulunda Vergi M\u00fcfetti\u015fli\u011fi yapt\u0131ktan sonra G\u00fcney Marmara Yeminli Mali M\u00fc\u015favirlik ve Ba\u011f\u0131ms\u0131z Denetim Ltd. \u015eti.\u2019de Yeminli Mali M\u00fc\u015favir ve Ba\u011f\u0131ms\u0131z Denet\u00e7i olarak devam etmektedir.<\/p>\n<p>&nbsp;<br \/>\nVergi M\u00fcfetti\u015fi olarak g\u00f6rev yapt\u0131\u011f\u0131 d\u00f6nem i\u00e7erisinde ba\u015fta Vergi M\u00fcfetti\u015f Yard\u0131mc\u0131lar\u0131n\u0131n e\u011fitimleri olmak \u00fczere kurum i\u00e7i e\u011fitmen olarak g\u00f6rev ald\u0131. Vergi Denetim Kurulu, Bal\u0131kesir Grup Ba\u015fkanl\u0131\u011f\u0131nda Rapor De\u011ferlendirme Komisyon \u00fcyeli\u011finde bulundu. 2008-2009 y\u0131llar\u0131nda Vak\u0131f \u00dcniversitesinde, 2010-2015 y\u0131llar\u0131nda da Bal\u0131kesir \u00dcniversitesi \u0130ktisadi ve \u0130dari Bilimler Fak\u00fcltesinde Vergi Hukuku ve T\u00fcrk Vergi Sistemi derslerini verdi.<\/p>\n<p>&nbsp;<br \/>\n\u00c7e\u015fitli kurum ve kurulu\u015flarca d\u00fczenlenmi\u015f panel ve konferanslara konu\u015fmac\u0131 olarak kat\u0131ld\u0131. Ulusal Hakemli Dergilerde \u00e7ok say\u0131da makalesi yay\u0131nland\u0131. Vergi M\u00fcfetti\u015fleri Derne\u011fi yay\u0131n\u0131 olan Vergi Raporu dergisinde Yay\u0131n Okuma ve Dan\u0131\u015fma Kurulu \u00fcyesidir.<\/p>\n<p>&nbsp;<br \/>\nEvli ve biri k\u0131z biri erkek olmak \u00fczere iki \u00e7ocuk babas\u0131d\u0131r.<\/p>\n<p>&nbsp;<\/p>\n","protected":false},"excerpt":{"rendered":"<p>Dr. Se\u00e7kin KILI\u00c7 1973 y\u0131l\u0131nda Gelibolu\u2019da do\u011fdu. 1997 y\u0131l\u0131nda Uluda\u011f \u00dcniversitesi \u0130ktisadi ve \u0130dari Bilimler Fak\u00fcltesi Maliye b\u00f6l\u00fcm\u00fcn\u00fc dereceli olarak bitirdi. Trakya \u00dcniversitesi Sosyal Bilimler Enstit\u00fcs\u00fc Maliye Anabilim dal\u0131nda Y\u00fcksek Lisans, Celal Bayar \u00dcniversitesi Sosyal Bilimler Enstit\u00fcs\u00fc Mali Hukuk Anabilim dal\u0131nda doktoras\u0131n\u0131 yapt\u0131. Trakya \u00dcniversitesinde ara\u015ft\u0131rma g\u00f6revlisi olarak ba\u015flad\u0131\u011f\u0131 \u00e7al\u0131\u015fma hayat\u0131na 2003-2013 y\u0131llar\u0131 aras\u0131nda Maliye [&hellip;]<\/p>\n","protected":false},"author":1,"featured_media":0,"parent":0,"menu_order":0,"comment_status":"closed","ping_status":"closed","template":"","meta":{"footnotes":""},"class_list":["post-1215","page","type-page","status-publish","hentry"],"_links":{"self":[{"href":"https:\/\/www.gmymm.com\/index.php?rest_route=\/wp\/v2\/pages\/1215","targetHints":{"allow":["GET"]}}],"collection":[{"href":"https:\/\/www.gmymm.com\/index.php?rest_route=\/wp\/v2\/pages"}],"about":[{"href":"https:\/\/www.gmymm.com\/index.php?rest_route=\/wp\/v2\/types\/page"}],"author":[{"embeddable":true,"href":"https:\/\/www.gmymm.com\/index.php?rest_route=\/wp\/v2\/users\/1"}],"replies":[{"embeddable":true,"href":"https:\/\/www.gmymm.com\/index.php?rest_route=%2Fwp%2Fv2%2Fcomments&post=1215"}],"version-history":[{"count":4,"href":"https:\/\/www.gmymm.com\/index.php?rest_route=\/wp\/v2\/pages\/1215\/revisions"}],"predecessor-version":[{"id":1333,"href":"https:\/\/www.gmymm.com\/index.php?rest_route=\/wp\/v2\/pages\/1215\/revisions\/1333"}],"wp:attachment":[{"href":"https:\/\/www.gmymm.com\/index.php?rest_route=%2Fwp%2Fv2%2Fmedia&parent=1215"}],"curies":[{"name":"wp","href":"https:\/\/api.w.org\/{rel}","templated":true}]}}