{"id":127,"date":"2011-03-14T08:50:23","date_gmt":"2011-03-14T08:50:23","guid":{"rendered":"http:\/\/www.vergihaber.net\/?page_id=45"},"modified":"2011-03-14T08:50:23","modified_gmt":"2011-03-14T08:50:23","slug":"nelerden-vergi-ssk-kesilir","status":"publish","type":"page","link":"https:\/\/www.gmymm.com\/?page_id=127","title":{"rendered":"Nelerden Vergi SSK Kesilir"},"content":{"rendered":"<table width=\"651\" align=\"center\">\n<tbody>\n<tr>\n<td bgcolor=\"#f9f9ff\" width=\"555\" height=\"30\">\n<p align=\"center\"><strong><a href=\"http:\/\/www.alomaliye.com\/2008\/07\/10\/sigorta-primine-esas-olan-ve-olmayan-kazanclar-aciklamali\/\" target=\"_blank\">Sigorta Primine Esas Olan ve Olmayan Kazan\u00e7lar (A\u00e7\u0131klamal\u0131)<\/a><\/strong><\/p>\n<\/td>\n<\/tr>\n<\/tbody>\n<\/table>\n<table width=\"560\" align=\"center\" bgcolor=\"white\">\n<tbody>\n<tr>\n<td bgcolor=\"#F9F9FF\" width=\"179\" height=\"25\"><strong>\u00d6DEMEN\u0130N T\u00dcR\u00dc<\/strong><\/td>\n<td bgcolor=\"#F9F9FF\" width=\"102\" height=\"25\">\n<p align=\"center\"><strong>SSK<\/strong><\/p>\n<\/td>\n<td bgcolor=\"#F9F9FF\" width=\"123\" height=\"25\">\n<p align=\"center\"><strong>GEL\u0130R VERG\u0130S\u0130<\/strong><\/p>\n<\/td>\n<td bgcolor=\"#F9F9FF\" width=\"128\" height=\"25\">\n<p align=\"center\"><strong>DAMGA VERG\u0130S\u0130<\/strong><\/p>\n<\/td>\n<\/tr>\n<tr>\n<td bgcolor=\"#F9F9FF\" width=\"179\" height=\"25\">Aile Yard\u0131m\u0131<\/td>\n<td bgcolor=\"#F9F9FF\" width=\"102\" height=\"25\">\n<p align=\"center\"><a href=\"http:\/\/www.alomaliye.com\/2004\/01\/29\/sigorta-primlerinin-hesabina-esas-tutulacak-kazanclarin-aylik-tutarinin-tespitinde-nazara-alinmayacak-olan-yemek-parasi-ile-cocuk-ve-aile-zamlarinin-gunluk-ve-aylik-tutarlarinin-tespitine-iliskin-tebl\/\">T\u0131klay\u0131n\u0131z<\/a><\/p>\n<\/td>\n<td bgcolor=\"#F9F9FF\" width=\"123\" height=\"25\">\n<p align=\"center\">Var<\/p>\n<\/td>\n<td bgcolor=\"#F9F9FF\" width=\"128\" height=\"25\">\n<p align=\"center\">Yok<\/p>\n<\/td>\n<\/tr>\n<tr>\n<td bgcolor=\"#F9F9FF\" width=\"179\" height=\"25\">As\u0131l \u00dccret<\/td>\n<td bgcolor=\"#F9F9FF\" width=\"102\" height=\"25\">\n<p align=\"center\">Ssk Tavan\u0131 Var<\/p>\n<\/td>\n<td bgcolor=\"#F9F9FF\" width=\"123\" height=\"25\">\n<p align=\"center\">Var<\/p>\n<\/td>\n<td bgcolor=\"#F9F9FF\" width=\"128\" height=\"25\">\n<p align=\"center\">Var<\/p>\n<\/td>\n<\/tr>\n<tr>\n<td bgcolor=\"#F9F9FF\" width=\"179\" height=\"25\">Askerlik Yard\u0131m\u0131<\/td>\n<td bgcolor=\"#F9F9FF\" width=\"102\" height=\"25\">\n<p align=\"center\">Var<\/p>\n<\/td>\n<td bgcolor=\"#F9F9FF\" width=\"123\" height=\"25\">\n<p align=\"center\">Var<\/p>\n<\/td>\n<td bgcolor=\"#F9F9FF\" width=\"128\" height=\"25\">\n<p align=\"center\">Var<\/p>\n<\/td>\n<\/tr>\n<tr>\n<td bgcolor=\"#F9F9FF\" width=\"179\" height=\"25\">Avanslar (\u00fccret)<\/td>\n<td bgcolor=\"#F9F9FF\" width=\"102\" height=\"25\">\n<p align=\"center\">Yok<\/p>\n<\/td>\n<td bgcolor=\"#F9F9FF\" width=\"123\" height=\"25\">\n<p align=\"center\">Kesilmiyor<\/p>\n<\/td>\n<td bgcolor=\"#F9F9FF\" width=\"128\" height=\"25\">\n<p align=\"center\">Yok<\/p>\n<\/td>\n<\/tr>\n<tr>\n<td bgcolor=\"#F9F9FF\" width=\"179\" height=\"25\">Bayram Har\u00e7l\u0131\u011f\u0131<\/td>\n<td bgcolor=\"#F9F9FF\" width=\"102\" height=\"25\">\n<p align=\"center\">Var<\/p>\n<\/td>\n<td bgcolor=\"#F9F9FF\" width=\"123\" height=\"25\">\n<p align=\"center\">Var<\/p>\n<\/td>\n<td bgcolor=\"#F9F9FF\" width=\"128\" height=\"25\">\n<p align=\"center\">Var<\/p>\n<\/td>\n<\/tr>\n<tr>\n<td bgcolor=\"#F9F9FF\" width=\"179\" height=\"25\">Bayram Yard\u0131m\u0131<\/td>\n<td bgcolor=\"#F9F9FF\" width=\"102\" height=\"25\">\n<p align=\"center\">Var<\/p>\n<\/td>\n<td bgcolor=\"#F9F9FF\" width=\"123\" height=\"25\">\n<p align=\"center\">Var<\/p>\n<\/td>\n<td bgcolor=\"#F9F9FF\" width=\"128\" height=\"25\">\n<p align=\"center\">Var<\/p>\n<\/td>\n<\/tr>\n<tr>\n<td bgcolor=\"#F9F9FF\" width=\"179\" height=\"25\">\u00c7\u0131rakl\u0131k \u00dccreti<\/td>\n<td bgcolor=\"#F9F9FF\" width=\"102\" height=\"25\">\n<p align=\"center\">Yok<\/p>\n<\/td>\n<td bgcolor=\"#F9F9FF\" width=\"123\" height=\"25\">\n<p align=\"center\">S\u0131n\u0131rl\u0131 (Gvk 25\/5)<\/p>\n<\/td>\n<td bgcolor=\"#F9F9FF\" width=\"128\" height=\"25\">\n<p align=\"center\">Yok (3308 say\u0131l\u0131)<\/p>\n<\/td>\n<\/tr>\n<tr>\n<td bgcolor=\"#F9F9FF\" width=\"179\" height=\"25\">\u00c7ocuk Yard\u0131m\u0131<\/td>\n<td bgcolor=\"#F9F9FF\" width=\"102\" height=\"25\">\n<p align=\"center\"><a href=\"http:\/\/www.alomaliye.com\/2004\/01\/29\/sigorta-primlerinin-hesabina-esas-tutulacak-kazanclarin-aylik-tutarinin-tespitinde-nazara-alinmayacak-olan-yemek-parasi-ile-cocuk-ve-aile-zamlarinin-gunluk-ve-aylik-tutarlarinin-tespitine-iliskin-tebl\/\">T\u0131klay\u0131n\u0131z<\/a><\/p>\n<\/td>\n<td bgcolor=\"#F9F9FF\" width=\"123\" height=\"25\">\n<p align=\"center\">S\u0131n\u0131rl\u0131 (Gvk 25\/4)<\/p>\n<\/td>\n<td bgcolor=\"#F9F9FF\" width=\"128\" height=\"25\">\n<p align=\"center\">Yok<\/p>\n<\/td>\n<\/tr>\n<tr>\n<td bgcolor=\"#F9F9FF\" width=\"179\" height=\"25\">Do\u011fum Yard\u0131m\u0131<\/td>\n<td bgcolor=\"#F9F9FF\" width=\"102\" height=\"25\">\n<p align=\"center\">Yok<\/p>\n<\/td>\n<td bgcolor=\"#F9F9FF\" width=\"123\" height=\"25\">\n<p align=\"center\">S\u0131n\u0131rl\u0131 (Gvk 25\/5)<\/p>\n<\/td>\n<td bgcolor=\"#F9F9FF\" width=\"128\" height=\"25\">\n<p align=\"center\">Var<\/p>\n<\/td>\n<\/tr>\n<tr>\n<td bgcolor=\"#F9F9FF\" width=\"179\" height=\"25\">E\u011fitim \u00d6\u011fretim Yard\u0131m\u0131<\/td>\n<td bgcolor=\"#F9F9FF\" width=\"102\" height=\"25\">\n<p align=\"center\">Var<\/p>\n<\/td>\n<td bgcolor=\"#F9F9FF\" width=\"123\" height=\"25\">\n<p align=\"center\">Var<\/p>\n<\/td>\n<td bgcolor=\"#F9F9FF\" width=\"128\" height=\"25\">\n<p align=\"center\">Var<\/p>\n<\/td>\n<\/tr>\n<tr>\n<td bgcolor=\"#F9F9FF\" width=\"179\" height=\"25\">Elbise Bedeli<\/td>\n<td bgcolor=\"#F9F9FF\" width=\"102\" height=\"25\">\n<p align=\"center\">Yok<\/p>\n<\/td>\n<td bgcolor=\"#F9F9FF\" width=\"123\" height=\"25\">\n<p align=\"center\">Var Gvk 27\/2 hr\u00e7<\/p>\n<\/td>\n<td bgcolor=\"#F9F9FF\" width=\"128\" height=\"25\">\n<p align=\"center\">Var<\/p>\n<\/td>\n<\/tr>\n<tr>\n<td bgcolor=\"#F9F9FF\" width=\"179\" height=\"25\">Evlenme Yard\u0131m\u0131<\/td>\n<td bgcolor=\"#F9F9FF\" width=\"102\" height=\"25\">\n<p align=\"center\">Yok<\/p>\n<\/td>\n<td bgcolor=\"#F9F9FF\" width=\"123\" height=\"25\">\n<p align=\"center\">S\u0131n\u0131rl\u0131 (Gvk 25\/5)<\/p>\n<\/td>\n<td bgcolor=\"#F9F9FF\" width=\"128\" height=\"25\">\n<p align=\"center\">Yok<\/p>\n<\/td>\n<\/tr>\n<tr>\n<td bgcolor=\"#F9F9FF\" width=\"179\" height=\"25\">Fazla Mesai<\/td>\n<td bgcolor=\"#F9F9FF\" width=\"102\" height=\"25\">\n<p align=\"center\">Var<\/p>\n<\/td>\n<td bgcolor=\"#F9F9FF\" width=\"123\" height=\"25\">\n<p align=\"center\">Var<\/p>\n<\/td>\n<td bgcolor=\"#F9F9FF\" width=\"128\" height=\"25\">\n<p align=\"center\">Var<\/p>\n<\/td>\n<\/tr>\n<tr>\n<td bgcolor=\"#F9F9FF\" width=\"179\" height=\"25\">Gece Zamm\u0131<\/td>\n<td bgcolor=\"#F9F9FF\" width=\"102\" height=\"25\">\n<p align=\"center\">Var<\/p>\n<\/td>\n<td bgcolor=\"#F9F9FF\" width=\"123\" height=\"25\">\n<p align=\"center\">Var<\/p>\n<\/td>\n<td bgcolor=\"#F9F9FF\" width=\"128\" height=\"25\">\n<p align=\"center\">Var<\/p>\n<\/td>\n<\/tr>\n<tr>\n<td bgcolor=\"#F9F9FF\" width=\"179\" height=\"25\">Giyecek Yard\u0131m\u0131 (Ayni)<\/td>\n<td bgcolor=\"#F9F9FF\" width=\"102\" height=\"25\">\n<p align=\"center\">Yok<\/p>\n<\/td>\n<td bgcolor=\"#F9F9FF\" width=\"123\" height=\"25\">\n<p align=\"center\">Var<\/p>\n<\/td>\n<td bgcolor=\"#F9F9FF\" width=\"128\" height=\"25\">\n<p align=\"center\">Yok<\/p>\n<\/td>\n<\/tr>\n<tr>\n<td bgcolor=\"#F9F9FF\" width=\"179\" height=\"25\">Giyecek Yard\u0131m\u0131 (Nakdi)<\/td>\n<td bgcolor=\"#F9F9FF\" width=\"102\" height=\"25\">\n<p align=\"center\">Var (4958\/36)<\/p>\n<\/td>\n<td bgcolor=\"#F9F9FF\" width=\"123\" height=\"25\">\n<p align=\"center\">Var<\/p>\n<\/td>\n<td bgcolor=\"#F9F9FF\" width=\"128\" height=\"25\">\n<p align=\"center\">Var<\/p>\n<\/td>\n<\/tr>\n<tr>\n<td bgcolor=\"#F9F9FF\" width=\"179\" height=\"25\">Huzur Hakk\u0131<\/td>\n<td bgcolor=\"#F9F9FF\" width=\"102\" height=\"25\">\n<p align=\"center\">Yok<\/p>\n<\/td>\n<td bgcolor=\"#F9F9FF\" width=\"123\" height=\"25\">\n<p align=\"center\">Var<\/p>\n<\/td>\n<td bgcolor=\"#F9F9FF\" width=\"128\" height=\"25\">\n<p align=\"center\">Var<\/p>\n<\/td>\n<\/tr>\n<tr>\n<td bgcolor=\"#F9F9FF\" width=\"179\" height=\"25\">\u0130hbar Tazminat\u0131<\/td>\n<td bgcolor=\"#F9F9FF\" width=\"102\" height=\"25\">\n<p align=\"center\">Yok<\/p>\n<\/td>\n<td bgcolor=\"#F9F9FF\" width=\"123\" height=\"25\">\n<p align=\"center\">Var<\/p>\n<\/td>\n<td bgcolor=\"#F9F9FF\" width=\"128\" height=\"25\">\n<p align=\"center\">Var<\/p>\n<\/td>\n<\/tr>\n<tr>\n<td bgcolor=\"#F9F9FF\" width=\"179\" height=\"25\">\u0130kramiye<\/td>\n<td bgcolor=\"#F9F9FF\" width=\"102\" height=\"25\">\n<p align=\"center\">Var<\/p>\n<\/td>\n<td bgcolor=\"#F9F9FF\" width=\"123\" height=\"25\">\n<p align=\"center\">Var<\/p>\n<\/td>\n<td bgcolor=\"#F9F9FF\" width=\"128\" height=\"25\">\n<p align=\"center\">Var<\/p>\n<\/td>\n<\/tr>\n<tr>\n<td bgcolor=\"#F9F9FF\" width=\"179\" height=\"25\">\u0130stirahat Yard\u0131m\u0131<\/td>\n<td bgcolor=\"#F9F9FF\" width=\"102\" height=\"25\">\n<p align=\"center\">Yok<\/p>\n<\/td>\n<td bgcolor=\"#F9F9FF\" width=\"123\" height=\"25\">\n<p align=\"center\">Var<\/p>\n<\/td>\n<td bgcolor=\"#F9F9FF\" width=\"128\" height=\"25\">\n<p align=\"center\">Var<\/p>\n<\/td>\n<\/tr>\n<tr>\n<td bgcolor=\"#F9F9FF\" width=\"179\" height=\"25\">\u0130\u015f Riski Zamm\u0131<\/td>\n<td bgcolor=\"#F9F9FF\" width=\"102\" height=\"25\">\n<p align=\"center\">Var<\/p>\n<\/td>\n<td bgcolor=\"#F9F9FF\" width=\"123\" height=\"25\">\n<p align=\"center\">Var<\/p>\n<\/td>\n<td bgcolor=\"#F9F9FF\" width=\"128\" height=\"25\">\n<p align=\"center\">Var<\/p>\n<\/td>\n<\/tr>\n<tr>\n<td bgcolor=\"#F9F9FF\" width=\"179\" height=\"25\">\u0130zin Har\u00e7l\u0131\u011f\u0131<\/td>\n<td bgcolor=\"#F9F9FF\" width=\"102\" height=\"25\">\n<p align=\"center\">Var<\/p>\n<\/td>\n<td bgcolor=\"#F9F9FF\" width=\"123\" height=\"25\">\n<p align=\"center\">Var<\/p>\n<\/td>\n<td bgcolor=\"#F9F9FF\" width=\"128\" height=\"25\">\n<p align=\"center\">Var<\/p>\n<\/td>\n<\/tr>\n<tr>\n<td bgcolor=\"#F9F9FF\" width=\"179\" height=\"25\">J\u00fcbile \u0130kramiyesi<\/td>\n<td bgcolor=\"#F9F9FF\" width=\"102\" height=\"25\">\n<p align=\"center\">Yok<\/p>\n<\/td>\n<td bgcolor=\"#F9F9FF\" width=\"123\" height=\"25\">\n<p align=\"center\">Var<\/p>\n<\/td>\n<td bgcolor=\"#F9F9FF\" width=\"128\" height=\"25\">\n<p align=\"center\">Var<\/p>\n<\/td>\n<\/tr>\n<tr>\n<td bgcolor=\"#F9F9FF\" width=\"179\" height=\"25\">K\u00e2rdan hisse \u00fccret<\/td>\n<td bgcolor=\"#F9F9FF\" width=\"102\" height=\"25\">\n<p align=\"center\">Var<\/p>\n<\/td>\n<td bgcolor=\"#F9F9FF\" width=\"123\" height=\"25\">\n<p align=\"center\">Var<\/p>\n<\/td>\n<td bgcolor=\"#F9F9FF\" width=\"128\" height=\"25\">\n<p align=\"center\">Var<\/p>\n<\/td>\n<\/tr>\n<tr>\n<td bgcolor=\"#F9F9FF\" width=\"179\" height=\"25\">Kasa Tazminat\u0131<\/td>\n<td bgcolor=\"#F9F9FF\" width=\"102\" height=\"25\">\n<p align=\"center\">Yok<\/p>\n<\/td>\n<td bgcolor=\"#F9F9FF\" width=\"123\" height=\"25\">\n<p align=\"center\">Var<\/p>\n<\/td>\n<td bgcolor=\"#F9F9FF\" width=\"128\" height=\"25\">\n<p align=\"center\">Var<\/p>\n<\/td>\n<\/tr>\n<tr>\n<td bgcolor=\"#F9F9FF\" width=\"179\" height=\"25\">K\u0131dem Tazminat\u0131<\/td>\n<td bgcolor=\"#F9F9FF\" width=\"102\" height=\"25\">\n<p align=\"center\">Yok<\/p>\n<\/td>\n<td bgcolor=\"#F9F9FF\" width=\"123\" height=\"25\">\n<p align=\"center\">S\u0131n\u0131rl\u0131 (Gvk 25\/7)<\/p>\n<\/td>\n<td bgcolor=\"#F9F9FF\" width=\"128\" height=\"25\">\n<p align=\"center\">Var<\/p>\n<\/td>\n<\/tr>\n<tr>\n<td bgcolor=\"#F9F9FF\" width=\"179\" height=\"25\">Konut (Nakdi)<\/td>\n<td bgcolor=\"#F9F9FF\" width=\"102\" height=\"25\">\n<p align=\"center\">Var<\/p>\n<\/td>\n<td bgcolor=\"#F9F9FF\" width=\"123\" height=\"25\">\n<p align=\"center\">Var<\/p>\n<\/td>\n<td bgcolor=\"#F9F9FF\" width=\"128\" height=\"25\">\n<p align=\"center\">Var<\/p>\n<\/td>\n<\/tr>\n<tr>\n<td bgcolor=\"#F9F9FF\" width=\"179\" height=\"25\">Konut Lojman<\/td>\n<td bgcolor=\"#F9F9FF\" width=\"102\" height=\"25\">\n<p align=\"center\">Yok<\/p>\n<\/td>\n<td bgcolor=\"#F9F9FF\" width=\"123\" height=\"25\">\n<p align=\"center\">S\u0131n\u0131rl\u0131 (Gvk 23\/9)<\/p>\n<\/td>\n<td bgcolor=\"#F9F9FF\" width=\"128\" height=\"25\">\n<p align=\"center\">Yok<\/p>\n<\/td>\n<\/tr>\n<tr>\n<td bgcolor=\"#F9F9FF\" width=\"179\" height=\"25\">Makam Tazminat\u0131<\/td>\n<td bgcolor=\"#F9F9FF\" width=\"102\" height=\"25\">\n<p align=\"center\">Yok<\/p>\n<\/td>\n<td bgcolor=\"#F9F9FF\" width=\"123\" height=\"25\">\n<p align=\"center\">Var<\/p>\n<\/td>\n<td bgcolor=\"#F9F9FF\" width=\"128\" height=\"25\">\n<p align=\"center\">Var<\/p>\n<\/td>\n<\/tr>\n<tr>\n<td bgcolor=\"#F9F9FF\" width=\"179\" height=\"25\">\u00d6l\u00fcm Yard\u0131m\u0131<\/td>\n<td bgcolor=\"#F9F9FF\" width=\"102\" height=\"25\">\n<p align=\"center\">Yok<\/p>\n<\/td>\n<td bgcolor=\"#F9F9FF\" width=\"123\" height=\"25\">\n<p align=\"center\">Yok<\/p>\n<\/td>\n<td bgcolor=\"#F9F9FF\" width=\"128\" height=\"25\">\n<p align=\"center\">Var<\/p>\n<\/td>\n<\/tr>\n<tr>\n<td bgcolor=\"#F9F9FF\" width=\"179\" height=\"25\">Primler<\/td>\n<td bgcolor=\"#F9F9FF\" width=\"102\" height=\"25\">\n<p align=\"center\">Var<\/p>\n<\/td>\n<td bgcolor=\"#F9F9FF\" width=\"123\" height=\"25\">\n<p align=\"center\">Var<\/p>\n<\/td>\n<td bgcolor=\"#F9F9FF\" width=\"128\" height=\"25\">\n<p align=\"center\">Var<\/p>\n<\/td>\n<\/tr>\n<tr>\n<td bgcolor=\"#F9F9FF\" width=\"179\" height=\"25\">Sa\u011fl\u0131k Yard\u0131m\u0131 (ayni)<\/td>\n<td bgcolor=\"#F9F9FF\" width=\"102\" height=\"25\">\n<p align=\"center\">Yok<\/p>\n<\/td>\n<td bgcolor=\"#F9F9FF\" width=\"123\" height=\"25\">\n<p align=\"center\">Yok<\/p>\n<\/td>\n<td bgcolor=\"#F9F9FF\" width=\"128\" height=\"25\">\n<p align=\"center\">Yok<\/p>\n<\/td>\n<\/tr>\n<tr>\n<td bgcolor=\"#F9F9FF\" width=\"179\" height=\"25\">Sah\u0131s Sigorta Primi<\/td>\n<td bgcolor=\"#F9F9FF\" width=\"102\" height=\"25\">\n<p align=\"center\">Yok<\/p>\n<\/td>\n<td bgcolor=\"#F9F9FF\" width=\"123\" height=\"25\">\n<p align=\"center\">S\u0131n\u0131rl\u0131 (Gvk 89)<\/p>\n<\/td>\n<td bgcolor=\"#F9F9FF\" width=\"128\" height=\"25\">\n<p align=\"center\">Var<\/p>\n<\/td>\n<\/tr>\n<tr>\n<td bgcolor=\"#F9F9FF\" width=\"179\" height=\"25\">Sat\u0131\u015f Primi<\/td>\n<td bgcolor=\"#F9F9FF\" width=\"102\" height=\"25\">\n<p align=\"center\">Var<\/p>\n<\/td>\n<td bgcolor=\"#F9F9FF\" width=\"123\" height=\"25\">\n<p align=\"center\">Var<\/p>\n<\/td>\n<td bgcolor=\"#F9F9FF\" width=\"128\" height=\"25\">\n<p align=\"center\">Var<\/p>\n<\/td>\n<\/tr>\n<tr>\n<td bgcolor=\"#F9F9FF\" width=\"179\" height=\"25\">Tabii Afet Yard\u0131m\u0131<\/td>\n<td bgcolor=\"#F9F9FF\" width=\"102\" height=\"25\">\n<p align=\"center\">Yok<\/p>\n<\/td>\n<td bgcolor=\"#F9F9FF\" width=\"123\" height=\"25\">\n<p align=\"center\">Var<\/p>\n<\/td>\n<td bgcolor=\"#F9F9FF\" width=\"128\" height=\"25\">\n<p align=\"center\">Var<\/p>\n<\/td>\n<\/tr>\n<tr>\n<td bgcolor=\"#F9F9FF\" width=\"179\" height=\"25\">Ta\u015f\u0131t (Nakdi) Yol<\/td>\n<td bgcolor=\"#F9F9FF\" width=\"102\" height=\"25\">\n<p align=\"center\">Var<\/p>\n<\/td>\n<td bgcolor=\"#F9F9FF\" width=\"123\" height=\"25\">\n<p align=\"center\">Var<\/p>\n<\/td>\n<td bgcolor=\"#F9F9FF\" width=\"128\" height=\"25\">\n<p align=\"center\">Var<\/p>\n<\/td>\n<\/tr>\n<tr>\n<td bgcolor=\"#F9F9FF\" width=\"179\" height=\"25\">Ta\u015f\u0131t (Servis)<\/td>\n<td bgcolor=\"#F9F9FF\" width=\"102\" height=\"25\">\n<p align=\"center\">Yok<\/p>\n<\/td>\n<td bgcolor=\"#F9F9FF\" width=\"123\" height=\"25\">\n<p align=\"center\">Yok<\/p>\n<\/td>\n<td bgcolor=\"#F9F9FF\" width=\"128\" height=\"25\">\n<p align=\"center\">Yok<\/p>\n<\/td>\n<\/tr>\n<tr>\n<td bgcolor=\"#F9F9FF\" width=\"179\" height=\"25\">Personelin evinden i\u015fe gelip gitmesi i\u00e7in abonman bileti verilmesi (belgelenmesi \u015eart)<\/td>\n<td bgcolor=\"#F9F9FF\" width=\"102\" height=\"25\">\n<p align=\"center\">Yok<\/p>\n<\/td>\n<td bgcolor=\"#F9F9FF\" width=\"123\" height=\"25\">\n<p align=\"center\">Yok<\/p>\n<\/td>\n<td bgcolor=\"#F9F9FF\" width=\"128\" height=\"25\">\n<p align=\"center\">Yok<\/p>\n<\/td>\n<\/tr>\n<tr>\n<td bgcolor=\"#F9F9FF\" width=\"179\" height=\"25\">Temett\u00fc \u0130kramiyesi<\/td>\n<td bgcolor=\"#F9F9FF\" width=\"102\" height=\"25\">\n<p align=\"center\">Var<\/p>\n<\/td>\n<td bgcolor=\"#F9F9FF\" width=\"123\" height=\"25\">\n<p align=\"center\">Var<\/p>\n<\/td>\n<td bgcolor=\"#F9F9FF\" width=\"128\" height=\"25\">\n<p align=\"center\">Var<\/p>\n<\/td>\n<\/tr>\n<tr>\n<td bgcolor=\"#F9F9FF\" width=\"179\" height=\"25\">Temsil \u00d6dene\u011fi<\/td>\n<td bgcolor=\"#F9F9FF\" width=\"102\" height=\"25\">\n<p align=\"center\">Yok<\/p>\n<\/td>\n<td bgcolor=\"#F9F9FF\" width=\"123\" height=\"25\">\n<p align=\"center\">Var<\/p>\n<\/td>\n<td bgcolor=\"#F9F9FF\" width=\"128\" height=\"25\">\n<p align=\"center\">Var<\/p>\n<\/td>\n<\/tr>\n<tr>\n<td bgcolor=\"#F9F9FF\" width=\"179\" height=\"25\">Te\u015fvik \u0130kramiyesi<\/td>\n<td bgcolor=\"#F9F9FF\" width=\"102\" height=\"25\">\n<p align=\"center\">Var<\/p>\n<\/td>\n<td bgcolor=\"#F9F9FF\" width=\"123\" height=\"25\">\n<p align=\"center\">Var Gvk 29\/1 hr\u00e7<\/p>\n<\/td>\n<td bgcolor=\"#F9F9FF\" width=\"128\" height=\"25\">\n<p align=\"center\">Var<\/p>\n<\/td>\n<\/tr>\n<tr>\n<td bgcolor=\"#F9F9FF\" width=\"179\" height=\"25\">Toplu S\u00f6zle\u015fme Zam F.<\/td>\n<td bgcolor=\"#F9F9FF\" width=\"102\" height=\"25\">\n<p align=\"center\">Var<\/p>\n<\/td>\n<td bgcolor=\"#F9F9FF\" width=\"123\" height=\"25\">\n<p align=\"center\">Var<\/p>\n<\/td>\n<td bgcolor=\"#F9F9FF\" width=\"128\" height=\"25\">\n<p align=\"center\">Var<\/p>\n<\/td>\n<\/tr>\n<tr>\n<td bgcolor=\"#F9F9FF\" width=\"179\" height=\"25\">Yakacak (Ayni)<\/td>\n<td bgcolor=\"#F9F9FF\" width=\"102\" height=\"25\">\n<p align=\"center\">Yok<\/p>\n<\/td>\n<td bgcolor=\"#F9F9FF\" width=\"123\" height=\"25\">\n<p align=\"center\">Var<\/p>\n<\/td>\n<td bgcolor=\"#F9F9FF\" width=\"128\" height=\"25\">\n<p align=\"center\">Var<\/p>\n<\/td>\n<\/tr>\n<tr>\n<td bgcolor=\"#F9F9FF\" width=\"179\" height=\"25\">Yakacak (Nakdi)<\/td>\n<td bgcolor=\"#F9F9FF\" width=\"102\" height=\"25\">\n<p align=\"center\">Var 4958\/36<\/p>\n<\/td>\n<td bgcolor=\"#F9F9FF\" width=\"123\" height=\"25\">\n<p align=\"center\">Var<\/p>\n<\/td>\n<td bgcolor=\"#F9F9FF\" width=\"128\" height=\"25\">\n<p align=\"center\">Var<\/p>\n<\/td>\n<\/tr>\n<tr>\n<td bgcolor=\"#F9F9FF\" width=\"179\" height=\"25\">Yemek (ayni)<\/td>\n<td bgcolor=\"#F9F9FF\" width=\"102\" height=\"25\">\n<p align=\"center\">Yok<\/p>\n<\/td>\n<td bgcolor=\"#F9F9FF\" width=\"123\" height=\"25\">\n<p align=\"center\">Yok<\/p>\n<\/td>\n<td bgcolor=\"#F9F9FF\" width=\"128\" height=\"25\">\n<p align=\"center\">Yok<\/p>\n<\/td>\n<\/tr>\n<tr>\n<td bgcolor=\"#F9F9FF\" width=\"179\" height=\"25\">Yemek (Nakdi)<\/td>\n<td bgcolor=\"#F9F9FF\" width=\"102\" height=\"25\">\n<p align=\"center\"><a href=\"http:\/\/www.alomaliye.com\/2004\/01\/29\/sigorta-primlerinin-hesabina-esas-tutulacak-kazanclarin-aylik-tutarinin-tespitinde-nazara-alinmayacak-olan-yemek-parasi-ile-cocuk-ve-aile-zamlarinin-gunluk-ve-aylik-tutarlarinin-tespitine-iliskin-tebl\/\">T\u0131klay\u0131n\u0131z<\/a><\/p>\n<\/td>\n<td bgcolor=\"#F9F9FF\" width=\"123\" height=\"25\">\n<p align=\"center\">Var<\/p>\n<\/td>\n<td bgcolor=\"#F9F9FF\" width=\"128\" height=\"25\">\n<p align=\"center\">Var<\/p>\n<\/td>\n<\/tr>\n<tr>\n<td bgcolor=\"#F9F9FF\" width=\"179\" height=\"25\">Y\u0131lba\u015f\u0131 \u0130kramiyesi<\/td>\n<td bgcolor=\"#F9F9FF\" width=\"102\" height=\"25\">\n<p align=\"center\">Var<\/p>\n<\/td>\n<td bgcolor=\"#F9F9FF\" width=\"123\" height=\"25\">\n<p align=\"center\">Var<\/p>\n<\/td>\n<td bgcolor=\"#F9F9FF\" width=\"128\" height=\"25\">\n<p align=\"center\">Var<\/p>\n<\/td>\n<\/tr>\n<tr>\n<td bgcolor=\"#F9F9FF\" width=\"179\" height=\"25\">Y\u0131ll\u0131k \u0130zin \u00dccreti<\/td>\n<td bgcolor=\"#F9F9FF\" width=\"102\" height=\"25\">\n<p align=\"center\">Var<\/p>\n<\/td>\n<td bgcolor=\"#F9F9FF\" width=\"123\" height=\"25\">\n<p align=\"center\">Var<\/p>\n<\/td>\n<td bgcolor=\"#F9F9FF\" width=\"128\" height=\"25\">\n<p align=\"center\">Var<\/p>\n<\/td>\n<\/tr>\n<tr>\n<td bgcolor=\"#F9F9FF\" width=\"179\" height=\"25\">Yolluk<\/td>\n<td bgcolor=\"#F9F9FF\" width=\"102\" height=\"25\">\n<p align=\"center\">Yok<\/p>\n<\/td>\n<td bgcolor=\"#F9F9FF\" width=\"123\" height=\"25\">\n<p align=\"center\">S\u0131n\u0131rl\u0131 (Gvk 24\/2)<\/p>\n<\/td>\n<td bgcolor=\"#F9F9FF\" width=\"128\" height=\"25\">\n<p align=\"center\">Var<\/p>\n<\/td>\n<\/tr>\n<\/tbody>\n<\/table>\n","protected":false},"excerpt":{"rendered":"<p>Sigorta Primine Esas Olan ve Olmayan Kazan\u00e7lar (A\u00e7\u0131klamal\u0131) \u00d6DEMEN\u0130N T\u00dcR\u00dc SSK GEL\u0130R VERG\u0130S\u0130 DAMGA VERG\u0130S\u0130 Aile Yard\u0131m\u0131 T\u0131klay\u0131n\u0131z Var Yok As\u0131l \u00dccret Ssk Tavan\u0131 Var Var Var Askerlik Yard\u0131m\u0131 Var Var Var Avanslar (\u00fccret) Yok Kesilmiyor Yok Bayram Har\u00e7l\u0131\u011f\u0131 Var Var Var Bayram Yard\u0131m\u0131 Var Var Var \u00c7\u0131rakl\u0131k \u00dccreti Yok S\u0131n\u0131rl\u0131 (Gvk 25\/5) Yok (3308 [&hellip;]<\/p>\n","protected":false},"author":1,"featured_media":0,"parent":0,"menu_order":0,"comment_status":"closed","ping_status":"open","template":"","meta":{"footnotes":""},"class_list":["post-127","page","type-page","status-publish","hentry"],"_links":{"self":[{"href":"https:\/\/www.gmymm.com\/index.php?rest_route=\/wp\/v2\/pages\/127","targetHints":{"allow":["GET"]}}],"collection":[{"href":"https:\/\/www.gmymm.com\/index.php?rest_route=\/wp\/v2\/pages"}],"about":[{"href":"https:\/\/www.gmymm.com\/index.php?rest_route=\/wp\/v2\/types\/page"}],"author":[{"embeddable":true,"href":"https:\/\/www.gmymm.com\/index.php?rest_route=\/wp\/v2\/users\/1"}],"replies":[{"embeddable":true,"href":"https:\/\/www.gmymm.com\/index.php?rest_route=%2Fwp%2Fv2%2Fcomments&post=127"}],"version-history":[{"count":0,"href":"https:\/\/www.gmymm.com\/index.php?rest_route=\/wp\/v2\/pages\/127\/revisions"}],"wp:attachment":[{"href":"https:\/\/www.gmymm.com\/index.php?rest_route=%2Fwp%2Fv2%2Fmedia&parent=127"}],"curies":[{"name":"wp","href":"https:\/\/api.w.org\/{rel}","templated":true}]}}