{"id":131,"date":"2011-03-14T08:51:17","date_gmt":"2011-03-14T08:51:17","guid":{"rendered":"http:\/\/www.vergihaber.net\/?page_id=51"},"modified":"2011-03-14T08:51:17","modified_gmt":"2011-03-14T08:51:17","slug":"engellilik-mevzuati","status":"publish","type":"page","link":"https:\/\/www.gmymm.com\/?page_id=131","title":{"rendered":"Engelli Mevzuat\u0131"},"content":{"rendered":"<table width=\"561\" align=\"center\">\n<tbody>\n<tr>\n<td bgcolor=\"#f9f9ff\" width=\"555\" height=\"23\"><a href=\"http:\/\/www.alomaliye.com\/kategori\/engelli-mevzuati\/\">Engelli Mevzuat\u0131<\/a><\/td>\n<\/tr>\n<\/tbody>\n<\/table>\n<table width=\"561\" align=\"center\">\n<tbody>\n<tr>\n<td bgcolor=\"#f9f9ff\" width=\"555\" height=\"23\"><a href=\"http:\/\/www.gib.gov.tr\/fileadmin\/user_upload\/VI\/SIIVI.htm\" target=\"_blank\">SAKATLIK \u0130ND\u0130R\u0130M\u0130NE \u0130L\u0130\u015eK\u0130N VERG\u0130 \u0130STAT\u0130ST\u0130KLER\u0130 (2006)<\/a><\/td>\n<\/tr>\n<\/tbody>\n<\/table>\n","protected":false},"excerpt":{"rendered":"<p>Engelli Mevzuat\u0131 SAKATLIK \u0130ND\u0130R\u0130M\u0130NE \u0130L\u0130\u015eK\u0130N VERG\u0130 \u0130STAT\u0130ST\u0130KLER\u0130 (2006)<\/p>\n","protected":false},"author":1,"featured_media":0,"parent":0,"menu_order":0,"comment_status":"closed","ping_status":"open","template":"","meta":{"footnotes":""},"class_list":["post-131","page","type-page","status-publish","hentry"],"_links":{"self":[{"href":"https:\/\/www.gmymm.com\/index.php?rest_route=\/wp\/v2\/pages\/131","targetHints":{"allow":["GET"]}}],"collection":[{"href":"https:\/\/www.gmymm.com\/index.php?rest_route=\/wp\/v2\/pages"}],"about":[{"href":"https:\/\/www.gmymm.com\/index.php?rest_route=\/wp\/v2\/types\/page"}],"author":[{"embeddable":true,"href":"https:\/\/www.gmymm.com\/index.php?rest_route=\/wp\/v2\/users\/1"}],"replies":[{"embeddable":true,"href":"https:\/\/www.gmymm.com\/index.php?rest_route=%2Fwp%2Fv2%2Fcomments&post=131"}],"version-history":[{"count":0,"href":"https:\/\/www.gmymm.com\/index.php?rest_route=\/wp\/v2\/pages\/131\/revisions"}],"wp:attachment":[{"href":"https:\/\/www.gmymm.com\/index.php?rest_route=%2Fwp%2Fv2%2Fmedia&parent=131"}],"curies":[{"name":"wp","href":"https:\/\/api.w.org\/{rel}","templated":true}]}}