{"id":577,"date":"2016-04-25T16:45:06","date_gmt":"2016-04-25T13:45:06","guid":{"rendered":"http:\/\/www.mbaymm.com\/?page_id=577"},"modified":"2017-01-16T16:21:21","modified_gmt":"2017-01-16T14:21:21","slug":"etkinlikler","status":"publish","type":"page","link":"https:\/\/www.gmymm.com\/?page_id=577","title":{"rendered":"Etkinlikler"},"content":{"rendered":"<p><strong>Etkinlik duyuru ve i\u00e7erikler haz\u0131rlan\u0131yor..<\/strong><\/p>\n","protected":false},"excerpt":{"rendered":"<p>Etkinlik duyuru ve i\u00e7erikler haz\u0131rlan\u0131yor..<\/p>\n","protected":false},"author":1,"featured_media":0,"parent":0,"menu_order":0,"comment_status":"closed","ping_status":"closed","template":"","meta":{"footnotes":""},"class_list":["post-577","page","type-page","status-publish","hentry"],"_links":{"self":[{"href":"https:\/\/www.gmymm.com\/index.php?rest_route=\/wp\/v2\/pages\/577","targetHints":{"allow":["GET"]}}],"collection":[{"href":"https:\/\/www.gmymm.com\/index.php?rest_route=\/wp\/v2\/pages"}],"about":[{"href":"https:\/\/www.gmymm.com\/index.php?rest_route=\/wp\/v2\/types\/page"}],"author":[{"embeddable":true,"href":"https:\/\/www.gmymm.com\/index.php?rest_route=\/wp\/v2\/users\/1"}],"replies":[{"embeddable":true,"href":"https:\/\/www.gmymm.com\/index.php?rest_route=%2Fwp%2Fv2%2Fcomments&post=577"}],"version-history":[{"count":1,"href":"https:\/\/www.gmymm.com\/index.php?rest_route=\/wp\/v2\/pages\/577\/revisions"}],"predecessor-version":[{"id":1050,"href":"https:\/\/www.gmymm.com\/index.php?rest_route=\/wp\/v2\/pages\/577\/revisions\/1050"}],"wp:attachment":[{"href":"https:\/\/www.gmymm.com\/index.php?rest_route=%2Fwp%2Fv2%2Fmedia&parent=577"}],"curies":[{"name":"wp","href":"https:\/\/api.w.org\/{rel}","templated":true}]}}